{"id":4,"date":"2011-07-25T10:18:36","date_gmt":"2011-07-25T10:18:36","guid":{"rendered":"http:\/\/baya-consulting.com\/news\/?page_id=4"},"modified":"2014-07-03T11:52:31","modified_gmt":"2014-07-03T11:52:31","slug":"recrutement","status":"publish","type":"page","link":"https:\/\/www.baya-consulting.com\/news\/recrutement","title":{"rendered":"Recrutement"},"content":{"rendered":"<p>Il n&rsquo;y a pas d&rsquo;offre d&#8217;emploi disponible pour le moment au sein de Baya Consulting.<\/p>\n<p>&nbsp;<\/p>\n<p><strong>Candidature spontan\u00e9e :<\/strong><\/p>\n<p>Vous recherchez un poste au sein de notre structure. Transmettez-nous votre candidature \u00e0 laquelle nous porterons la plus grande attention.<\/p>\n<p>Si votre profil correspond \u00e0 nos attentes, vous serez contact\u00e9(e) sous 8 jours. Dans le cas contraire, sauf demande expresse de votre part, nous conservons votre CV \u00e0 toutes fins utiles.<\/p>\n<p>&nbsp;<\/p>\n\n<div class=\"wpcf7 no-js\" id=\"wpcf7-f142-o1\" lang=\"en-US\" dir=\"ltr\" data-wpcf7-id=\"142\">\n<div class=\"screen-reader-response\"><p role=\"status\" aria-live=\"polite\" aria-atomic=\"true\"><\/p> <ul><\/ul><\/div>\n<form action=\"\/news\/wp-json\/wp\/v2\/pages\/4#wpcf7-f142-o1\" method=\"post\" class=\"wpcf7-form init\" aria-label=\"Contact form\" enctype=\"multipart\/form-data\" novalidate=\"novalidate\" data-status=\"init\">\n<fieldset class=\"hidden-fields-container\"><input type=\"hidden\" name=\"_wpcf7\" value=\"142\" \/><input type=\"hidden\" name=\"_wpcf7_version\" value=\"6.1.5\" \/><input type=\"hidden\" name=\"_wpcf7_locale\" value=\"en_US\" \/><input type=\"hidden\" name=\"_wpcf7_unit_tag\" value=\"wpcf7-f142-o1\" \/><input type=\"hidden\" name=\"_wpcf7_container_post\" value=\"0\" \/><input type=\"hidden\" name=\"_wpcf7_posted_data_hash\" value=\"\" \/>\n<\/fieldset>\n<p>Votre nom (obligatoire) :\n<\/p>\n<p><span class=\"wpcf7-form-control-wrap\" data-name=\"your-name\"><input size=\"40\" maxlength=\"400\" class=\"wpcf7-form-control wpcf7-text wpcf7-validates-as-required\" aria-required=\"true\" aria-invalid=\"false\" value=\"\" type=\"text\" name=\"your-name\" \/><\/span>\n<\/p>\n<p>Votre pr\u00e9nom (obligatoire) :\n<\/p>\n<p><span class=\"wpcf7-form-control-wrap\" data-name=\"prenom\"><input size=\"40\" maxlength=\"400\" class=\"wpcf7-form-control wpcf7-text wpcf7-validates-as-required\" aria-required=\"true\" aria-invalid=\"false\" value=\"\" type=\"text\" name=\"prenom\" \/><\/span>\n<\/p>\n<p>Votre email (obligatoire) :\n<\/p>\n<p><span class=\"wpcf7-form-control-wrap\" data-name=\"your-email\"><input size=\"40\" maxlength=\"400\" class=\"wpcf7-form-control wpcf7-email wpcf7-validates-as-required wpcf7-text wpcf7-validates-as-email\" aria-required=\"true\" aria-invalid=\"false\" value=\"\" type=\"email\" name=\"your-email\" \/><\/span>\n<\/p>\n<p>Sujet :\n<\/p>\n<p><span class=\"wpcf7-form-control-wrap\" data-name=\"your-subject\"><input size=\"40\" maxlength=\"400\" class=\"wpcf7-form-control wpcf7-text\" aria-invalid=\"false\" value=\"\" type=\"text\" name=\"your-subject\" \/><\/span>\n<\/p>\n<p>Votre lettre de candidature :\n<\/p>\n<p><span class=\"wpcf7-form-control-wrap\" data-name=\"your-message\"><textarea cols=\"40\" rows=\"10\" maxlength=\"2000\" class=\"wpcf7-form-control wpcf7-textarea\" aria-invalid=\"false\" name=\"your-message\"><\/textarea><\/span>\n<\/p>\n<p>T\u00e9l\u00e9charger votre CV :\n<\/p>\n<p><span class=\"wpcf7-form-control-wrap\" data-name=\"cv\"><input size=\"40\" class=\"wpcf7-form-control wpcf7-file\" accept=\".doc,.docx,.pdf,.txt\" aria-invalid=\"false\" type=\"file\" name=\"cv\" \/><\/span>\n<\/p>\n<p><em>Formats accept\u00e9s : .doc, .docx, .pdf, .txt uniquement.<\/em>\n<\/p>\n<p><input class=\"wpcf7-form-control wpcf7-submit has-spinner\" type=\"submit\" value=\"Envoyer\" \/>\n<\/p><p style=\"display: none !important;\" class=\"akismet-fields-container\" data-prefix=\"_wpcf7_ak_\"><label>&#916;<textarea name=\"_wpcf7_ak_hp_textarea\" cols=\"45\" rows=\"8\" maxlength=\"100\"><\/textarea><\/label><input type=\"hidden\" id=\"ak_js_1\" name=\"_wpcf7_ak_js\" value=\"111\"\/><script>document.getElementById( \"ak_js_1\" ).setAttribute( \"value\", ( new Date() ).getTime() );<\/script><\/p><div class=\"wpcf7-response-output\" aria-hidden=\"true\"><\/div>\n<\/form>\n<\/div>\n\n","protected":false},"excerpt":{"rendered":"<p>Il n&rsquo;y a pas d&rsquo;offre d&#8217;emploi disponible pour le moment au sein de Baya Consulting. &nbsp; Candidature spontan\u00e9e : Vous recherchez un poste au sein de notre structure. Transmettez-nous votre candidature \u00e0 laquelle nous porterons la plus grande attention. Si votre profil correspond \u00e0 nos attentes, vous serez contact\u00e9(e) sous 8 jours. Dans le cas [&hellip;]<\/p>\n","protected":false},"author":2,"featured_media":0,"parent":0,"menu_order":0,"comment_status":"open","ping_status":"closed","template":"","meta":{"footnotes":""},"class_list":["post-4","page","type-page","status-publish","hentry"],"aioseo_notices":[],"_links":{"self":[{"href":"https:\/\/www.baya-consulting.com\/news\/wp-json\/wp\/v2\/pages\/4","targetHints":{"allow":["GET"]}}],"collection":[{"href":"https:\/\/www.baya-consulting.com\/news\/wp-json\/wp\/v2\/pages"}],"about":[{"href":"https:\/\/www.baya-consulting.com\/news\/wp-json\/wp\/v2\/types\/page"}],"author":[{"embeddable":true,"href":"https:\/\/www.baya-consulting.com\/news\/wp-json\/wp\/v2\/users\/2"}],"replies":[{"embeddable":true,"href":"https:\/\/www.baya-consulting.com\/news\/wp-json\/wp\/v2\/comments?post=4"}],"version-history":[{"count":15,"href":"https:\/\/www.baya-consulting.com\/news\/wp-json\/wp\/v2\/pages\/4\/revisions"}],"predecessor-version":[{"id":1792,"href":"https:\/\/www.baya-consulting.com\/news\/wp-json\/wp\/v2\/pages\/4\/revisions\/1792"}],"wp:attachment":[{"href":"https:\/\/www.baya-consulting.com\/news\/wp-json\/wp\/v2\/media?parent=4"}],"curies":[{"name":"wp","href":"https:\/\/api.w.org\/{rel}","templated":true}]}}